{"id":683,"date":"2013-07-02T15:39:44","date_gmt":"2013-07-02T13:39:44","guid":{"rendered":"http:\/\/www.danaandwild.com\/?page_id=683"},"modified":"2024-02-02T19:50:40","modified_gmt":"2024-02-02T17:50:40","slug":"home","status":"publish","type":"page","link":"https:\/\/www.danaandwild.com\/de\/","title":{"rendered":"Dana &amp; Wild - Wir reisen um die Welt und machen Musik"},"content":{"rendered":"<p><\/p>\n\n\n\n<p><\/p>\n\n\n\n<div class=\"wp-block-jetpack-slideshow aligncenter\" data-autoplay=\"true\" data-delay=\"3\" data-effect=\"fade\"><div class=\"wp-block-jetpack-slideshow_container swiper-container\"><ul class=\"wp-block-jetpack-slideshow_swiper-wrapper swiper-wrapper\"><li class=\"wp-block-jetpack-slideshow_slide swiper-slide\"><figure><img decoding=\"async\" width=\"1200\" height=\"675\" alt=\"Ein Sonnenuntergang wie Koh Phayam Magic\" class=\"wp-block-jetpack-slideshow_image wp-image-2041\" data-id=\"2041\" src=\"https:\/\/www.danaandwild.com\/wp-content\/uploads\/2024\/02\/Dana-and-Wild-Thailand-Adventure-Day8-Koh-Phayam-0536.jpg\" srcset=\"https:\/\/www.danaandwild.com\/wp-content\/uploads\/2024\/02\/Dana-and-Wild-Thailand-Adventure-Day8-Koh-Phayam-0536.jpg 1200w, https:\/\/www.danaandwild.com\/wp-content\/uploads\/2024\/02\/Dana-and-Wild-Thailand-Adventure-Day8-Koh-Phayam-0536-310x174.jpg 310w, https:\/\/www.danaandwild.com\/wp-content\/uploads\/2024\/02\/Dana-and-Wild-Thailand-Adventure-Day8-Koh-Phayam-0536-1024x576.jpg 1024w, https:\/\/www.danaandwild.com\/wp-content\/uploads\/2024\/02\/Dana-and-Wild-Thailand-Adventure-Day8-Koh-Phayam-0536-768x432.jpg 768w, https:\/\/www.danaandwild.com\/wp-content\/uploads\/2024\/02\/Dana-and-Wild-Thailand-Adventure-Day8-Koh-Phayam-0536-18x10.jpg 18w, https:\/\/www.danaandwild.com\/wp-content\/uploads\/2024\/02\/Dana-and-Wild-Thailand-Adventure-Day8-Koh-Phayam-0536-195x110.jpg 195w, https:\/\/www.danaandwild.com\/wp-content\/uploads\/2024\/02\/Dana-and-Wild-Thailand-Adventure-Day8-Koh-Phayam-0536-844x475.jpg 844w, https:\/\/www.danaandwild.com\/wp-content\/uploads\/2024\/02\/Dana-and-Wild-Thailand-Adventure-Day8-Koh-Phayam-0536-507x285.jpg 507w, https:\/\/www.danaandwild.com\/wp-content\/uploads\/2024\/02\/Dana-and-Wild-Thailand-Adventure-Day8-Koh-Phayam-0536-272x153.jpg 272w, https:\/\/www.danaandwild.com\/wp-content\/uploads\/2024\/02\/Dana-and-Wild-Thailand-Adventure-Day8-Koh-Phayam-0536-888x500.jpg 888w\" sizes=\"(max-width: 1200px) 100vw, 1200px\" \/><\/figure><\/li><li class=\"wp-block-jetpack-slideshow_slide swiper-slide\"><figure><img decoding=\"async\" width=\"1200\" height=\"675\" alt=\"\" class=\"wp-block-jetpack-slideshow_image wp-image-2062\" data-id=\"2062\" src=\"https:\/\/www.danaandwild.com\/wp-content\/uploads\/2024\/02\/Dana-and-Wild-Thailand-Adventure-Day8-Koh-Phayam-0507.jpg\" srcset=\"https:\/\/www.danaandwild.com\/wp-content\/uploads\/2024\/02\/Dana-and-Wild-Thailand-Adventure-Day8-Koh-Phayam-0507.jpg 1200w, https:\/\/www.danaandwild.com\/wp-content\/uploads\/2024\/02\/Dana-and-Wild-Thailand-Adventure-Day8-Koh-Phayam-0507-310x174.jpg 310w, https:\/\/www.danaandwild.com\/wp-content\/uploads\/2024\/02\/Dana-and-Wild-Thailand-Adventure-Day8-Koh-Phayam-0507-1024x576.jpg 1024w, https:\/\/www.danaandwild.com\/wp-content\/uploads\/2024\/02\/Dana-and-Wild-Thailand-Adventure-Day8-Koh-Phayam-0507-768x432.jpg 768w, https:\/\/www.danaandwild.com\/wp-content\/uploads\/2024\/02\/Dana-and-Wild-Thailand-Adventure-Day8-Koh-Phayam-0507-18x10.jpg 18w, https:\/\/www.danaandwild.com\/wp-content\/uploads\/2024\/02\/Dana-and-Wild-Thailand-Adventure-Day8-Koh-Phayam-0507-195x110.jpg 195w, https:\/\/www.danaandwild.com\/wp-content\/uploads\/2024\/02\/Dana-and-Wild-Thailand-Adventure-Day8-Koh-Phayam-0507-844x475.jpg 844w, https:\/\/www.danaandwild.com\/wp-content\/uploads\/2024\/02\/Dana-and-Wild-Thailand-Adventure-Day8-Koh-Phayam-0507-507x285.jpg 507w, https:\/\/www.danaandwild.com\/wp-content\/uploads\/2024\/02\/Dana-and-Wild-Thailand-Adventure-Day8-Koh-Phayam-0507-272x153.jpg 272w, https:\/\/www.danaandwild.com\/wp-content\/uploads\/2024\/02\/Dana-and-Wild-Thailand-Adventure-Day8-Koh-Phayam-0507-888x500.jpg 888w\" sizes=\"(max-width: 1200px) 100vw, 1200px\" \/><\/figure><\/li><li class=\"wp-block-jetpack-slideshow_slide swiper-slide\"><figure><img decoding=\"async\" width=\"900\" height=\"1200\" alt=\"\" class=\"wp-block-jetpack-slideshow_image wp-image-1989\" data-id=\"1989\" src=\"https:\/\/www.danaandwild.com\/wp-content\/uploads\/2024\/01\/Dana-and-Wild-Thailand-Adventure-Day7-The-Secret-Island-5111.jpg\" srcset=\"https:\/\/www.danaandwild.com\/wp-content\/uploads\/2024\/01\/Dana-and-Wild-Thailand-Adventure-Day7-The-Secret-Island-5111.jpg 900w, https:\/\/www.danaandwild.com\/wp-content\/uploads\/2024\/01\/Dana-and-Wild-Thailand-Adventure-Day7-The-Secret-Island-5111-233x310.jpg 233w, https:\/\/www.danaandwild.com\/wp-content\/uploads\/2024\/01\/Dana-and-Wild-Thailand-Adventure-Day7-The-Secret-Island-5111-768x1024.jpg 768w, https:\/\/www.danaandwild.com\/wp-content\/uploads\/2024\/01\/Dana-and-Wild-Thailand-Adventure-Day7-The-Secret-Island-5111-9x12.jpg 9w, https:\/\/www.danaandwild.com\/wp-content\/uploads\/2024\/01\/Dana-and-Wild-Thailand-Adventure-Day7-The-Secret-Island-5111-98x130.jpg 98w, https:\/\/www.danaandwild.com\/wp-content\/uploads\/2024\/01\/Dana-and-Wild-Thailand-Adventure-Day7-The-Secret-Island-5111-356x475.jpg 356w, https:\/\/www.danaandwild.com\/wp-content\/uploads\/2024\/01\/Dana-and-Wild-Thailand-Adventure-Day7-The-Secret-Island-5111-214x285.jpg 214w, https:\/\/www.danaandwild.com\/wp-content\/uploads\/2024\/01\/Dana-and-Wild-Thailand-Adventure-Day7-The-Secret-Island-5111-137x182.jpg 137w, https:\/\/www.danaandwild.com\/wp-content\/uploads\/2024\/01\/Dana-and-Wild-Thailand-Adventure-Day7-The-Secret-Island-5111-444x592.jpg 444w\" sizes=\"(max-width: 900px) 100vw, 900px\" \/><figcaption class=\"wp-block-jetpack-slideshow_caption gallery-caption\">Bernie geht zum ersten Mal surfen<\/figcaption><\/figure><\/li><li class=\"wp-block-jetpack-slideshow_slide swiper-slide\"><figure><img decoding=\"async\" width=\"910\" height=\"455\" alt=\"\" class=\"wp-block-jetpack-slideshow_image wp-image-646\" data-id=\"646\" src=\"https:\/\/www.danaandwild.com\/wp-content\/uploads\/2013-03-bernie-mit-cox-und-tenaglia.jpg\" srcset=\"https:\/\/www.danaandwild.com\/wp-content\/uploads\/2013-03-bernie-mit-cox-und-tenaglia.jpg 910w, https:\/\/www.danaandwild.com\/wp-content\/uploads\/2013-03-bernie-mit-cox-und-tenaglia-310x155.jpg 310w, https:\/\/www.danaandwild.com\/wp-content\/uploads\/2013-03-bernie-mit-cox-und-tenaglia-195x97.jpg 195w, https:\/\/www.danaandwild.com\/wp-content\/uploads\/2013-03-bernie-mit-cox-und-tenaglia-886x443.jpg 886w, https:\/\/www.danaandwild.com\/wp-content\/uploads\/2013-03-bernie-mit-cox-und-tenaglia-570x285.jpg 570w, https:\/\/www.danaandwild.com\/wp-content\/uploads\/2013-03-bernie-mit-cox-und-tenaglia-272x136.jpg 272w, https:\/\/www.danaandwild.com\/wp-content\/uploads\/2013-03-bernie-mit-cox-und-tenaglia-888x444.jpg 888w\" sizes=\"(max-width: 910px) 100vw, 910px\" \/><\/figure><\/li><li class=\"wp-block-jetpack-slideshow_slide swiper-slide\"><figure><img decoding=\"async\" width=\"910\" height=\"455\" alt=\"\" class=\"wp-block-jetpack-slideshow_image wp-image-647\" data-id=\"647\" src=\"https:\/\/www.danaandwild.com\/wp-content\/uploads\/2013-03-dana-und-carl-cox-wmc-miami-beach.jpg\" srcset=\"https:\/\/www.danaandwild.com\/wp-content\/uploads\/2013-03-dana-und-carl-cox-wmc-miami-beach.jpg 910w, https:\/\/www.danaandwild.com\/wp-content\/uploads\/2013-03-dana-und-carl-cox-wmc-miami-beach-310x155.jpg 310w, https:\/\/www.danaandwild.com\/wp-content\/uploads\/2013-03-dana-und-carl-cox-wmc-miami-beach-195x97.jpg 195w, https:\/\/www.danaandwild.com\/wp-content\/uploads\/2013-03-dana-und-carl-cox-wmc-miami-beach-886x443.jpg 886w, https:\/\/www.danaandwild.com\/wp-content\/uploads\/2013-03-dana-und-carl-cox-wmc-miami-beach-570x285.jpg 570w, https:\/\/www.danaandwild.com\/wp-content\/uploads\/2013-03-dana-und-carl-cox-wmc-miami-beach-272x136.jpg 272w, https:\/\/www.danaandwild.com\/wp-content\/uploads\/2013-03-dana-und-carl-cox-wmc-miami-beach-888x444.jpg 888w\" sizes=\"(max-width: 910px) 100vw, 910px\" \/><\/figure><\/li><li class=\"wp-block-jetpack-slideshow_slide swiper-slide\"><figure><img decoding=\"async\" width=\"910\" height=\"455\" alt=\"\" class=\"wp-block-jetpack-slideshow_image wp-image-649\" data-id=\"649\" src=\"https:\/\/www.danaandwild.com\/wp-content\/uploads\/dsc00798.jpg\" srcset=\"https:\/\/www.danaandwild.com\/wp-content\/uploads\/dsc00798.jpg 910w, https:\/\/www.danaandwild.com\/wp-content\/uploads\/dsc00798-310x155.jpg 310w, https:\/\/www.danaandwild.com\/wp-content\/uploads\/dsc00798-195x97.jpg 195w, https:\/\/www.danaandwild.com\/wp-content\/uploads\/dsc00798-886x443.jpg 886w, https:\/\/www.danaandwild.com\/wp-content\/uploads\/dsc00798-570x285.jpg 570w, https:\/\/www.danaandwild.com\/wp-content\/uploads\/dsc00798-272x136.jpg 272w, https:\/\/www.danaandwild.com\/wp-content\/uploads\/dsc00798-888x444.jpg 888w\" sizes=\"(max-width: 910px) 100vw, 910px\" \/><\/figure><\/li><li class=\"wp-block-jetpack-slideshow_slide swiper-slide\"><figure><img decoding=\"async\" width=\"910\" height=\"455\" alt=\"\" class=\"wp-block-jetpack-slideshow_image wp-image-652\" data-id=\"652\" src=\"https:\/\/www.danaandwild.com\/wp-content\/uploads\/2013-03-miami-beach-strand-2.jpg\" srcset=\"https:\/\/www.danaandwild.com\/wp-content\/uploads\/2013-03-miami-beach-strand-2.jpg 910w, https:\/\/www.danaandwild.com\/wp-content\/uploads\/2013-03-miami-beach-strand-2-310x155.jpg 310w, https:\/\/www.danaandwild.com\/wp-content\/uploads\/2013-03-miami-beach-strand-2-195x97.jpg 195w, https:\/\/www.danaandwild.com\/wp-content\/uploads\/2013-03-miami-beach-strand-2-886x443.jpg 886w, https:\/\/www.danaandwild.com\/wp-content\/uploads\/2013-03-miami-beach-strand-2-570x285.jpg 570w, https:\/\/www.danaandwild.com\/wp-content\/uploads\/2013-03-miami-beach-strand-2-272x136.jpg 272w, https:\/\/www.danaandwild.com\/wp-content\/uploads\/2013-03-miami-beach-strand-2-888x444.jpg 888w\" sizes=\"(max-width: 910px) 100vw, 910px\" \/><\/figure><\/li><li class=\"wp-block-jetpack-slideshow_slide swiper-slide\"><figure><img decoding=\"async\" width=\"910\" height=\"455\" alt=\"\" class=\"wp-block-jetpack-slideshow_image wp-image-658\" data-id=\"658\" src=\"https:\/\/www.danaandwild.com\/wp-content\/uploads\/img_4650.jpg\" srcset=\"https:\/\/www.danaandwild.com\/wp-content\/uploads\/img_4650.jpg 910w, https:\/\/www.danaandwild.com\/wp-content\/uploads\/img_4650-310x155.jpg 310w, https:\/\/www.danaandwild.com\/wp-content\/uploads\/img_4650-195x97.jpg 195w, https:\/\/www.danaandwild.com\/wp-content\/uploads\/img_4650-886x443.jpg 886w, https:\/\/www.danaandwild.com\/wp-content\/uploads\/img_4650-570x285.jpg 570w, https:\/\/www.danaandwild.com\/wp-content\/uploads\/img_4650-272x136.jpg 272w, https:\/\/www.danaandwild.com\/wp-content\/uploads\/img_4650-888x444.jpg 888w\" sizes=\"(max-width: 910px) 100vw, 910px\" \/><\/figure><\/li><li class=\"wp-block-jetpack-slideshow_slide swiper-slide\"><figure><img decoding=\"async\" width=\"910\" height=\"455\" alt=\"\" class=\"wp-block-jetpack-slideshow_image wp-image-659\" data-id=\"659\" src=\"https:\/\/www.danaandwild.com\/wp-content\/uploads\/sun2.jpg\" srcset=\"https:\/\/www.danaandwild.com\/wp-content\/uploads\/sun2.jpg 910w, https:\/\/www.danaandwild.com\/wp-content\/uploads\/sun2-310x155.jpg 310w, https:\/\/www.danaandwild.com\/wp-content\/uploads\/sun2-195x97.jpg 195w, https:\/\/www.danaandwild.com\/wp-content\/uploads\/sun2-886x443.jpg 886w, https:\/\/www.danaandwild.com\/wp-content\/uploads\/sun2-570x285.jpg 570w, https:\/\/www.danaandwild.com\/wp-content\/uploads\/sun2-272x136.jpg 272w, https:\/\/www.danaandwild.com\/wp-content\/uploads\/sun2-888x444.jpg 888w\" sizes=\"(max-width: 910px) 100vw, 910px\" \/><\/figure><\/li><li class=\"wp-block-jetpack-slideshow_slide swiper-slide\"><figure><img decoding=\"async\" width=\"801\" height=\"451\" alt=\"\" class=\"wp-block-jetpack-slideshow_image wp-image-1492\" data-id=\"1492\" src=\"https:\/\/www.danaandwild.com\/wp-content\/uploads\/2014\/12\/Cabo-Girao-Madeira-Dana-and-Wild-11.jpg\" srcset=\"https:\/\/www.danaandwild.com\/wp-content\/uploads\/2014\/12\/Cabo-Girao-Madeira-Dana-and-Wild-11.jpg 801w, https:\/\/www.danaandwild.com\/wp-content\/uploads\/2014\/12\/Cabo-Girao-Madeira-Dana-and-Wild-11-310x174.jpg 310w, https:\/\/www.danaandwild.com\/wp-content\/uploads\/2014\/12\/Cabo-Girao-Madeira-Dana-and-Wild-11-195x109.jpg 195w, https:\/\/www.danaandwild.com\/wp-content\/uploads\/2014\/12\/Cabo-Girao-Madeira-Dana-and-Wild-11-506x285.jpg 506w, https:\/\/www.danaandwild.com\/wp-content\/uploads\/2014\/12\/Cabo-Girao-Madeira-Dana-and-Wild-11-272x153.jpg 272w\" sizes=\"(max-width: 801px) 100vw, 801px\" \/><\/figure><\/li><li class=\"wp-block-jetpack-slideshow_slide swiper-slide\"><figure><img decoding=\"async\" width=\"801\" height=\"451\" alt=\"\" class=\"wp-block-jetpack-slideshow_image wp-image-1478\" data-id=\"1478\" src=\"https:\/\/www.danaandwild.com\/wp-content\/uploads\/2014\/12\/Madeira-Dana-and-Wild-2.jpg\" srcset=\"https:\/\/www.danaandwild.com\/wp-content\/uploads\/2014\/12\/Madeira-Dana-and-Wild-2.jpg 801w, https:\/\/www.danaandwild.com\/wp-content\/uploads\/2014\/12\/Madeira-Dana-and-Wild-2-310x174.jpg 310w, https:\/\/www.danaandwild.com\/wp-content\/uploads\/2014\/12\/Madeira-Dana-and-Wild-2-195x109.jpg 195w, https:\/\/www.danaandwild.com\/wp-content\/uploads\/2014\/12\/Madeira-Dana-and-Wild-2-506x285.jpg 506w, https:\/\/www.danaandwild.com\/wp-content\/uploads\/2014\/12\/Madeira-Dana-and-Wild-2-272x153.jpg 272w\" sizes=\"(max-width: 801px) 100vw, 801px\" \/><\/figure><\/li><li class=\"wp-block-jetpack-slideshow_slide swiper-slide\"><figure><img decoding=\"async\" width=\"800\" height=\"537\" alt=\"\" class=\"wp-block-jetpack-slideshow_image wp-image-1569\" data-id=\"1569\" src=\"https:\/\/www.danaandwild.com\/wp-content\/uploads\/2014\/12\/DSC_1984.jpg\" srcset=\"https:\/\/www.danaandwild.com\/wp-content\/uploads\/2014\/12\/DSC_1984.jpg 800w, https:\/\/www.danaandwild.com\/wp-content\/uploads\/2014\/12\/DSC_1984-310x208.jpg 310w, https:\/\/www.danaandwild.com\/wp-content\/uploads\/2014\/12\/DSC_1984-195x130.jpg 195w, https:\/\/www.danaandwild.com\/wp-content\/uploads\/2014\/12\/DSC_1984-707x475.jpg 707w, https:\/\/www.danaandwild.com\/wp-content\/uploads\/2014\/12\/DSC_1984-424x285.jpg 424w, https:\/\/www.danaandwild.com\/wp-content\/uploads\/2014\/12\/DSC_1984-272x182.jpg 272w\" sizes=\"(max-width: 800px) 100vw, 800px\" \/><\/figure><\/li><\/ul><a class=\"wp-block-jetpack-slideshow_button-prev swiper-button-prev swiper-button-white\" role=\"button\"><\/a><a class=\"wp-block-jetpack-slideshow_button-next swiper-button-next swiper-button-white\" role=\"button\"><\/a><a aria-label=\"Diashow anhalten\" class=\"wp-block-jetpack-slideshow_button-pause\" role=\"button\"><\/a><div class=\"wp-block-jetpack-slideshow_pagination swiper-pagination swiper-pagination-white\"><\/div><\/div><\/div>\n\n\n\n<p class=\"has-text-align-center\"><span class=\"slogan\"><em>Willkommen zu den Abenteuern von Dana und Wild.<\/em><br><em>Wir genie\u00dfen das Leben, bereisen die Welt und machen auf unseren Reisen Musik.<\/em><br><\/span><\/p>\n\n\n\n<p class=\"has-text-align-center\"><span class=\"slogan\"><strong><a title=\"Sehen Sie sich unsere Abenteuer im Blog an\" href=\"http:\/\/www.danaandwild.com\/de\/blog\/\">\" SIEH DIR UNSERE ABENTEUER AN \"<\/a><\/strong><\/span><\/p>\n\n\n\n<h2 class=\"wp-block-heading has-text-align-left\">Warum reisen wir um die Welt und machen Musik?<\/h2>\n\n\n\n<p class=\"has-text-align-left\">Als wir uns vor einigen Jahren kennenlernten, entdeckten wir, dass wir viele Dinge gemeinsam haben. Einer unserer gr\u00f6\u00dften Werte ist FREIHEIT. Um die Welt zu reisen, Musik zu machen und das Leben zu genie\u00dfen, tr\u00e4gt zu all dem bei. <a href=\"https:\/\/www.danaandwild.com\/de\/die-geschichte\/\" data-type=\"page\" data-id=\"2\"><strong>Lies mehr in unserer GANZEN STORY...<\/strong><\/a><span class=\"slogan\"><strong><br><\/strong><\/span><\/p>","protected":false},"excerpt":{"rendered":"<\/p>\n<p><img decoding=\"async\" width=\"1200\" height=\"675\" alt=\"Ein Sonnenuntergang wie Koh Phayam Magic\" class=\"wp-block-jetpack-slideshow_image wp-image-2041\" data-id=\"2041\" src=\"https:\/\/www.danaandwild.com\/wp-content\/uploads\/2024\/02\/Dana-and-Wild-Thailand-Adventure-Day8-Koh-Phayam-0536.jpg\" srcset=\"https:\/\/www.danaandwild.com\/wp-content\/uploads\/2024\/02\/Dana-and-Wild-Thailand-Adventure-Day8-Koh-Phayam-0536.jpg 1200w, https:\/\/www.danaandwild.com\/wp-content\/uploads\/2024\/02\/Dana-and-Wild-Thailand-Adventure-Day8-Koh-Phayam-0536-310x174.jpg 310w, https:\/\/www.danaandwild.com\/wp-content\/uploads\/2024\/02\/Dana-and-Wild-Thailand-Adventure-Day8-Koh-Phayam-0536-1024x576.jpg 1024w, https:\/\/www.danaandwild.com\/wp-content\/uploads\/2024\/02\/Dana-and-Wild-Thailand-Adventure-Day8-Koh-Phayam-0536-768x432.jpg 768w, https:\/\/www.danaandwild.com\/wp-content\/uploads\/2024\/02\/Dana-and-Wild-Thailand-Adventure-Day8-Koh-Phayam-0536-18x10.jpg 18w, https:\/\/www.danaandwild.com\/wp-content\/uploads\/2024\/02\/Dana-and-Wild-Thailand-Adventure-Day8-Koh-Phayam-0536-195x110.jpg 195w, https:\/\/www.danaandwild.com\/wp-content\/uploads\/2024\/02\/Dana-and-Wild-Thailand-Adventure-Day8-Koh-Phayam-0536-844x475.jpg 844w, https:\/\/www.danaandwild.com\/wp-content\/uploads\/2024\/02\/Dana-and-Wild-Thailand-Adventure-Day8-Koh-Phayam-0536-507x285.jpg 507w, https:\/\/www.danaandwild.com\/wp-content\/uploads\/2024\/02\/Dana-and-Wild-Thailand-Adventure-Day8-Koh-Phayam-0536-272x153.jpg 272w, https:\/\/www.danaandwild.com\/wp-content\/uploads\/2024\/02\/Dana-and-Wild-Thailand-Adventure-Day8-Koh-Phayam-0536-888x500.jpg 888w\" sizes=\"(max-width: 1200px) 100vw, 1200px\" \/><img decoding=\"async\" [...]\n<\/p>","protected":false},"author":3,"featured_media":646,"parent":0,"menu_order":0,"comment_status":"closed","ping_status":"open","template":"","meta":{"footnotes":""},"jetpack_shortlink":"https:\/\/wp.me\/P5YGeB-b1","jetpack_sharing_enabled":true,"_links":{"self":[{"href":"https:\/\/www.danaandwild.com\/de\/wp-json\/wp\/v2\/pages\/683"}],"collection":[{"href":"https:\/\/www.danaandwild.com\/de\/wp-json\/wp\/v2\/pages"}],"about":[{"href":"https:\/\/www.danaandwild.com\/de\/wp-json\/wp\/v2\/types\/page"}],"author":[{"embeddable":true,"href":"https:\/\/www.danaandwild.com\/de\/wp-json\/wp\/v2\/users\/3"}],"replies":[{"embeddable":true,"href":"https:\/\/www.danaandwild.com\/de\/wp-json\/wp\/v2\/comments?post=683"}],"version-history":[{"count":24,"href":"https:\/\/www.danaandwild.com\/de\/wp-json\/wp\/v2\/pages\/683\/revisions"}],"predecessor-version":[{"id":2094,"href":"https:\/\/www.danaandwild.com\/de\/wp-json\/wp\/v2\/pages\/683\/revisions\/2094"}],"wp:featuredmedia":[{"embeddable":true,"href":"https:\/\/www.danaandwild.com\/de\/wp-json\/wp\/v2\/media\/646"}],"wp:attachment":[{"href":"https:\/\/www.danaandwild.com\/de\/wp-json\/wp\/v2\/media?parent=683"}],"curies":[{"name":"wp","href":"https:\/\/api.w.org\/{rel}","templated":true}]}}