{"id":2301,"date":"2024-06-29T10:13:31","date_gmt":"2024-06-29T08:13:31","guid":{"rendered":"https:\/\/www.danaandwild.com\/?page_id=2301"},"modified":"2024-06-29T10:14:36","modified_gmt":"2024-06-29T08:14:36","slug":"imprint-privacy-policy","status":"publish","type":"page","link":"https:\/\/www.danaandwild.com\/de\/impressum-datenschutzerklaerung\/","title":{"rendered":"Impressum &amp; Datenschutzbestimmungen"},"content":{"rendered":"<h2 class=\"wp-block-heading\">Wer wir sind<\/h2>\n\n\n\n<p>Unsere Website-Adresse lautet: https:\/\/www.danaandwild.com\/<\/p>\n\n\n\n<p>bedengler.com Un Ltd. - Phonic Fusion Records<br>Lambousa Stra\u00dfe 11<br>8577 Tala<br>Zypern<\/p>\n\n\n\n<p>MwSt.-Nr.: 10431763L<br>Unternehmensregister Nr.: HE431763L<\/p>\n\n\n\n<h2 class=\"wp-block-heading\">Kommentare<\/h2>\n\n\n\n<p>Wenn Besucher\/innen Kommentare auf der Website hinterlassen, sammeln wir die Daten, die im Kommentarformular angezeigt werden, sowie die IP-Adresse und den User-Agent-String des Browsers, um die Spam-Erkennung zu erleichtern.<\/p>\n\n\n\n<p>Eine anonymisierte Zeichenfolge, die aus deiner E-Mail-Adresse erstellt wird (auch Hash genannt), kann dem Gravatar-Dienst zur Verf\u00fcgung gestellt werden, um zu sehen, ob du ihn verwendest. Die Datenschutzrichtlinien des Gravatar-Dienstes findest du hier: https:\/\/automattic.com\/privacy\/. Nach der Genehmigung deines Kommentars ist dein Profilbild im Kontext deines Kommentars \u00f6ffentlich sichtbar.<\/p>\n\n\n\n<h2 class=\"wp-block-heading\">Medien<\/h2>\n\n\n\n<p>Wenn du Bilder auf die Website hochl\u00e4dst, solltest du es vermeiden, Bilder hochzuladen, die eingebettete Standortdaten (EXIF-GPS) enthalten. Die Besucher der Website k\u00f6nnen alle Standortdaten von den Bildern auf der Website herunterladen und extrahieren.<\/p>\n\n\n\n<h2 class=\"wp-block-heading\">Cookies<\/h2>\n\n\n\n<p>Wenn du einen Kommentar auf unserer Website hinterl\u00e4sst, kannst du zustimmen, dass dein Name, deine E-Mail-Adresse und deine Website in Cookies gespeichert werden. Diese dienen deinem Komfort, damit du deine Daten nicht erneut eingeben musst, wenn du einen weiteren Kommentar hinterl\u00e4sst. Diese Cookies sind ein Jahr lang g\u00fcltig.<\/p>\n\n\n\n<p>Wenn du unsere Anmeldeseite besuchst, setzen wir ein tempor\u00e4res Cookie, um festzustellen, ob dein Browser Cookies zul\u00e4sst. Dieses Cookie enth\u00e4lt keine pers\u00f6nlichen Daten und wird verworfen, wenn du deinen Browser schlie\u00dft.<\/p>\n\n\n\n<p>Wenn du dich anmeldest, setzen wir au\u00dferdem mehrere Cookies, um deine Anmeldeinformationen und deine Bildschirmauswahl zu speichern. Die Anmelde-Cookies bleiben zwei Tage lang gespeichert, die Cookies f\u00fcr die Bildschirmoptionen ein Jahr lang. Wenn du \"Remember Me\" ausw\u00e4hlst, bleibt dein Login zwei Wochen lang erhalten. Wenn du dich von deinem Konto abmeldest, werden die Anmelde-Cookies gel\u00f6scht.<\/p>\n\n\n\n<p>Wenn du einen Artikel bearbeitest oder ver\u00f6ffentlichst, wird ein zus\u00e4tzliches Cookie in deinem Browser gespeichert. Dieses Cookie enth\u00e4lt keine pers\u00f6nlichen Daten und zeigt lediglich die Post-ID des Artikels an, den du gerade bearbeitet hast. Er l\u00e4uft nach 1 Tag ab.<\/p>\n\n\n\n<h2 class=\"wp-block-heading\">Eingebettete Inhalte von anderen Websites<\/h2>\n\n\n\n<p>Die Artikel auf dieser Website k\u00f6nnen eingebettete Inhalte enthalten (z. B. Videos, Bilder, Artikel usw.). Eingebettete Inhalte von anderen Websites verhalten sich genau so, als ob der Besucher die andere Website besucht h\u00e4tte.<\/p>\n\n\n\n<p>Diese Websites k\u00f6nnen Daten \u00fcber dich sammeln, Cookies verwenden, zus\u00e4tzliche Trackingfunktionen von Dritten einbetten und deine Interaktion mit diesen eingebetteten Inhalten \u00fcberwachen, einschlie\u00dflich der Verfolgung deiner Interaktion mit den eingebetteten Inhalten, wenn du ein Konto hast und auf dieser Website eingeloggt bist.<\/p>\n\n\n\n<h2 class=\"wp-block-heading\">Mit wem wir deine Daten teilen<\/h2>\n\n\n\n<p>Wenn du eine Passwortr\u00fccksetzung beantragst, wird deine IP-Adresse in der R\u00fccksetzungs-E-Mail enthalten sein.<\/p>\n\n\n\n<h2 class=\"wp-block-heading\">Wie lange wir deine Daten aufbewahren<\/h2>\n\n\n\n<p>Wenn du einen Kommentar hinterl\u00e4sst, werden der Kommentar und seine Metadaten auf unbestimmte Zeit gespeichert. So k\u00f6nnen wir Folgekommentare automatisch erkennen und genehmigen, anstatt sie in einer Moderationswarteschlange zu halten.<\/p>\n\n\n\n<p>F\u00fcr Nutzer\/innen, die sich auf unserer Website registrieren (falls vorhanden), speichern wir auch die pers\u00f6nlichen Daten, die sie in ihrem Nutzerprofil angeben. Alle Nutzer\/innen k\u00f6nnen ihre pers\u00f6nlichen Daten jederzeit einsehen, bearbeiten oder l\u00f6schen (sie k\u00f6nnen jedoch nicht ihren Benutzernamen \u00e4ndern). Auch die Administratoren der Website k\u00f6nnen diese Informationen einsehen und bearbeiten.<\/p>\n\n\n\n<h2 class=\"wp-block-heading\">Welche Rechte du \u00fcber deine Daten hast<\/h2>\n\n\n\n<p>Wenn du ein Konto auf dieser Website hast oder Kommentare hinterlassen hast, kannst du eine exportierte Datei der personenbezogenen Daten anfordern, die wir \u00fcber dich gespeichert haben, einschlie\u00dflich aller Daten, die du uns zur Verf\u00fcgung gestellt hast. Du kannst auch verlangen, dass wir alle personenbezogenen Daten, die wir \u00fcber dich gespeichert haben, l\u00f6schen. Davon ausgenommen sind Daten, die wir aus verwaltungstechnischen, rechtlichen oder sicherheitsrelevanten Gr\u00fcnden aufbewahren m\u00fcssen.<\/p>\n\n\n\n<h2 class=\"wp-block-heading\">Wohin deine Daten gesendet werden<\/h2>\n\n\n\n<p>Besucherkommentare k\u00f6nnen durch einen automatischen Spam-Erkennungsdienst \u00fcberpr\u00fcft werden.<\/p>\n\n\n\n<h2 class=\"wp-block-heading\">Cookie Management<\/h2>\n\n\n\n<p>Um die verwendeten Cookies und \u00e4hnlichen Technologien (Z\u00e4hlpixel, Web Beacons usw.) und die damit verbundenen Zustimmungen zu verwalten, verwenden wir das Zustimmungstool \"Real Cookie Banner\". Einzelheiten zur Funktionsweise von \"Real Cookie Banner\" findest du unter&nbsp;<a href=\"https:\/\/devowl.io\/rcb\/data-processing\/\" target=\"_blank\" rel=\"noreferrer noopener\">https:\/\/devowl.io\/rcb\/data-processing\/<\/a>.<\/p>\n\n\n\n<p>Die Rechtsgrundlage f\u00fcr die Verarbeitung personenbezogener Daten in diesem Zusammenhang sind Art. 6 (1) lit. c GDPR und Art. 6 (1) lit. f GDPR. Unser berechtigtes Interesse ist die Verwaltung der verwendeten Cookies und \u00e4hnlicher Technologien sowie der damit verbundenen Einwilligungen.<\/p>\n\n\n\n<p>Die Bereitstellung der personenbezogenen Daten ist weder vertraglich vorgeschrieben noch f\u00fcr den Abschluss eines Vertrages notwendig. Du bist nicht verpflichtet, die personenbezogenen Daten bereitzustellen. Wenn du die personenbezogenen Daten nicht bereitstellst, k\u00f6nnen wir deine Einwilligungen nicht verwalten.<\/p>","protected":false},"excerpt":{"rendered":"<p>Wer wir sind<\/p>\n<p>Unsere Website-Adresse lautet: https:\/\/www.danaandwild.com\/<\/p>\n<p>bedengler.com Un Ltd. - Phonic Fusion Records<br \/>Lambousa Stra\u00dfe 11<br \/>8577 Tala<br \/>Zypern<\/p>\n<p>MwSt.-Nr.: 10431763L<br \/>Unternehmensregister Nr.: HE431763L<\/p>\n<p>Kommentare<\/p>\n<p>Wenn Besucher Kommentare auf der Website hinterlassen, sammeln wir die Daten, die im Kommentarformular angezeigt werden, sowie die IP-Adresse des Besuchers [...]<\/p>","protected":false},"author":6,"featured_media":0,"parent":0,"menu_order":0,"comment_status":"closed","ping_status":"closed","template":"","meta":{"footnotes":""},"jetpack_shortlink":"https:\/\/wp.me\/P5YGeB-B7","jetpack_sharing_enabled":true,"_links":{"self":[{"href":"https:\/\/www.danaandwild.com\/de\/wp-json\/wp\/v2\/pages\/2301"}],"collection":[{"href":"https:\/\/www.danaandwild.com\/de\/wp-json\/wp\/v2\/pages"}],"about":[{"href":"https:\/\/www.danaandwild.com\/de\/wp-json\/wp\/v2\/types\/page"}],"author":[{"embeddable":true,"href":"https:\/\/www.danaandwild.com\/de\/wp-json\/wp\/v2\/users\/6"}],"replies":[{"embeddable":true,"href":"https:\/\/www.danaandwild.com\/de\/wp-json\/wp\/v2\/comments?post=2301"}],"version-history":[{"count":2,"href":"https:\/\/www.danaandwild.com\/de\/wp-json\/wp\/v2\/pages\/2301\/revisions"}],"predecessor-version":[{"id":2305,"href":"https:\/\/www.danaandwild.com\/de\/wp-json\/wp\/v2\/pages\/2301\/revisions\/2305"}],"wp:attachment":[{"href":"https:\/\/www.danaandwild.com\/de\/wp-json\/wp\/v2\/media?parent=2301"}],"curies":[{"name":"wp","href":"https:\/\/api.w.org\/{rel}","templated":true}]}}